{"id":1587,"date":"2022-10-31T12:18:38","date_gmt":"2022-10-31T11:18:38","guid":{"rendered":"https:\/\/www.hotel-saint-jean.fr\/?page_id=1587"},"modified":"2024-11-20T10:24:29","modified_gmt":"2024-11-20T09:24:29","slug":"cote-dopale-hotel","status":"publish","type":"page","link":"https:\/\/www.hotel-saint-jean.fr\/en\/tourism-hotel-cote-dopale-bord-de-mer\/cote-dopale-hotel\/","title":{"rendered":"Opal Coast"},"content":{"rendered":"\t\t<div data-elementor-type=\"wp-page\" data-elementor-id=\"1587\" class=\"elementor elementor-1587\" data-elementor-post-type=\"page\">\n\t\t\t\t<div class=\"elementor-element elementor-element-7d40454 e-con-full e-flex e-con e-parent\" data-id=\"7d40454\" data-element_type=\"container\" data-e-type=\"container\" id=\"hero-section\" data-settings=\"{&quot;background_background&quot;:&quot;slideshow&quot;,&quot;background_slideshow_gallery&quot;:[{&quot;id&quot;:3199,&quot;url&quot;:&quot;https:\\\/\\\/www.hotel-saint-jean.fr\\\/wp-content\\\/uploads\\\/2023\\\/06\\\/150910_157jfd.jpg&quot;}],&quot;background_slideshow_loop&quot;:&quot;yes&quot;,&quot;background_slideshow_slide_duration&quot;:5000,&quot;background_slideshow_slide_transition&quot;:&quot;fade&quot;,&quot;background_slideshow_transition_duration&quot;:500}\">\n\t\t\t\t<div class=\"elementor-element elementor-element-28da46e elementor-widget__width-auto elementor-absolute e-transform elementor-view-default elementor-widget elementor-widget-icon\" data-id=\"28da46e\" data-element_type=\"widget\" data-e-type=\"widget\" data-settings=\"{&quot;_position&quot;:&quot;absolute&quot;,&quot;_transform_rotateZ_effect&quot;:{&quot;unit&quot;:&quot;px&quot;,&quot;size&quot;:90,&quot;sizes&quot;:[]},&quot;_transform_rotateZ_effect_tablet&quot;:{&quot;unit&quot;:&quot;deg&quot;,&quot;size&quot;:&quot;&quot;,&quot;sizes&quot;:[]},&quot;_transform_rotateZ_effect_mobile&quot;:{&quot;unit&quot;:&quot;deg&quot;,&quot;size&quot;:&quot;&quot;,&quot;sizes&quot;:[]}}\" data-widget_type=\"icon.default\">\n\t\t\t\t<div class=\"elementor-widget-container\">\n\t\t\t\t\t\t\t<div class=\"elementor-icon-wrapper\">\n\t\t\t<a class=\"elementor-icon\" href=\"#first-content\">\n\t\t\t<i aria-hidden=\"true\" class=\"eliofont eliofont-arrow-right\"><\/i>\t\t\t<\/a>\n\t\t<\/div>\n\t\t\t\t\t\t<\/div>\n\t\t\t\t<\/div>\n\t\t\t\t<\/div>\n\t\t<div class=\"elementor-element elementor-element-4a05336 e-flex e-con-boxed e-con e-parent\" data-id=\"4a05336\" data-element_type=\"container\" data-e-type=\"container\" id=\"first-content\" data-settings=\"{&quot;background_background&quot;:&quot;classic&quot;}\">\n\t\t\t\t\t<div class=\"e-con-inner\">\n\t\t\t\t<div class=\"elementor-element elementor-element-c2f4aa0 elementor-widget elementor-widget-breadcrumbs\" data-id=\"c2f4aa0\" data-element_type=\"widget\" data-e-type=\"widget\" data-widget_type=\"breadcrumbs.default\">\n\t\t\t\t<div class=\"elementor-widget-container\">\n\t\t\t\t\t<nav aria-label=\"breadcrumbs\" class=\"rank-math-breadcrumb\"><p><span class=\"last\">H\u00f4tel<\/span><\/p><\/nav>\t\t\t\t<\/div>\n\t\t\t\t<\/div>\n\t\t\t\t\t<\/div>\n\t\t\t\t<\/div>\n\t\t<div class=\"elementor-element elementor-element-18b5a01 e-flex e-con-boxed e-con e-parent\" data-id=\"18b5a01\" data-element_type=\"container\" data-e-type=\"container\" data-settings=\"{&quot;background_background&quot;:&quot;classic&quot;}\">\n\t\t\t\t\t<div class=\"e-con-inner\">\n\t\t\t\t<div class=\"elementor-element elementor-element-fa37bf3 elementor-widget__width-initial elementor-widget elementor-widget-image\" data-id=\"fa37bf3\" data-element_type=\"widget\" data-e-type=\"widget\" data-widget_type=\"image.default\">\n\t\t\t\t<div class=\"elementor-widget-container\">\n\t\t\t\t\t\t\t\t\t\t\t\t\t\t\t<img fetchpriority=\"high\" decoding=\"async\" width=\"300\" height=\"200\" src=\"https:\/\/www.hotel-saint-jean.fr\/wp-content\/uploads\/2022\/10\/transparent.png\" class=\"attachment-full size-full wp-image-338\" alt=\"\" srcset=\"https:\/\/www.hotel-saint-jean.fr\/wp-content\/uploads\/2022\/10\/transparent.png 300w, https:\/\/www.hotel-saint-jean.fr\/wp-content\/uploads\/2022\/10\/transparent-18x12.png 18w\" sizes=\"(max-width: 300px) 100vw, 300px\" title=\"\">\t\t\t\t\t\t\t\t\t\t\t\t\t\t\t<\/div>\n\t\t\t\t<\/div>\n\t\t<div class=\"elementor-element elementor-element-030d71c animated-slow e-con-full e-flex elementor-invisible e-con e-child\" data-id=\"030d71c\" data-element_type=\"container\" data-e-type=\"container\" data-settings=\"{&quot;animation&quot;:&quot;fadeInRight&quot;,&quot;animation_delay&quot;:500}\">\n\t\t\t\t<div class=\"elementor-element elementor-element-806004f elementor-widget elementor-widget-heading\" data-id=\"806004f\" data-element_type=\"widget\" data-e-type=\"widget\" data-widget_type=\"heading.default\">\n\t\t\t\t<div class=\"elementor-widget-container\">\n\t\t\t\t\t<h2 class=\"elementor-heading-title elementor-size-default\">D\u00c9COUVRIR LA C\u00d4TE D'OPALE<\/br>\nde notre h\u00f4tel \u00e0 Wimerieux<\/h2>\t\t\t\t<\/div>\n\t\t\t\t<\/div>\n\t\t\t\t<div class=\"elementor-element elementor-element-fca4b4f elementor-widget elementor-widget-text-editor\" data-id=\"fca4b4f\" data-element_type=\"widget\" data-e-type=\"widget\" data-widget_type=\"text-editor.default\">\n\t\t\t\t<div class=\"elementor-widget-container\">\n\t\t\t\t\t\t\t\t\t<p>L&rsquo;h\u00f4tel Saint Jean est id\u00e9alement situ\u00e9 pour partir \u00e0 la d\u00e9couverte de la C\u00f4te d&rsquo;Opale. En quelques minutes seulement, vous pourrez rejoindre les plus beaux sites de cette belle r\u00e9gion c\u00f4ti\u00e8re. Commencez par une promenade autour du cap Blanc-Nez, la merveille de la C\u00f4te d&rsquo;Opale. Constitu\u00e9e de craie et de marne, cette falaise culmine \u00e0 134 m et permet d&rsquo;apercevoir, par beau temps, les c\u00f4tes anglaises. Avec ses pelouses calcaires, le cap poss\u00e8de une grande diversit\u00e9 floristique\u00a0: chou marin, gentiane am\u00e8re, euphraise\u2026<br \/><br \/>Un sentier balis\u00e9 permet de rejoindre le Gris-Nez qui constitue, avec le Blanc-Nez, le site des deux caps, class\u00e9 parmi les Grands Sites de France au m\u00eame titre que les Gorges du Verdon ou la Baie du Mont Saint-Michel. Ce parcours est un v\u00e9ritable enchantement entre falaises, dunes et plages. En chemin, vous traverserez Wissant, un joli village de p\u00eacheurs qui a su se d\u00e9velopper en conservant le charme des petites villes c\u00f4ti\u00e8res. Au cap Gris-Nez, vous pourrez observer de nombreux oiseaux migrateurs car le chenal qu&rsquo;il surplombe est un point de passage important pour beaucoup d&rsquo;esp\u00e8ces. Mais profitez aussi de votre s\u00e9jour dans notre h\u00f4tel pour visiter Ambleteuse et son fabuleux fort Vauban ou encore Audresselles avec ses petites maisons de p\u00eacheurs et ses long\u00e8res blanches orn\u00e9es de bandes de couleurs.<\/p>\t\t\t\t\t\t\t\t<\/div>\n\t\t\t\t<\/div>\n\t\t\t\t<\/div>\n\t\t\t\t\t<\/div>\n\t\t\t\t<\/div>\n\t\t<div class=\"elementor-element elementor-element-f2f51e9 e-flex e-con-boxed e-con e-parent\" data-id=\"f2f51e9\" data-element_type=\"container\" data-e-type=\"container\">\n\t\t\t\t\t<div class=\"e-con-inner\">\n\t\t\t\t<div class=\"elementor-element elementor-element-7f80abd elementor-widget__width-auto elementor-widget elementor-widget-button\" data-id=\"7f80abd\" data-element_type=\"widget\" data-e-type=\"widget\" data-widget_type=\"button.default\">\n\t\t\t\t<div class=\"elementor-widget-container\">\n\t\t\t\t\t\t\t\t\t<div class=\"elementor-button-wrapper\">\n\t\t\t\t\t<a class=\"elementor-button elementor-button-link elementor-size-xs\" href=\"https:\/\/www.hotel-saint-jean.fr\/en\/tourism-hotel-cote-dopale-bord-de-mer\/wimereux-hotel-wimereux\/\">\n\t\t\t\t\t\t<span class=\"elementor-button-content-wrapper\">\n\t\t\t\t\t\t<span class=\"elementor-button-icon\">\n\t\t\t\t<i aria-hidden=\"true\" class=\"eliofont eliofont-arrow-left\"><\/i>\t\t\t<\/span>\n\t\t\t\t\t\t\t\t\t<span class=\"elementor-button-text\">Wimereux<\/span>\n\t\t\t\t\t<\/span>\n\t\t\t\t\t<\/a>\n\t\t\t\t<\/div>\n\t\t\t\t\t\t\t\t<\/div>\n\t\t\t\t<\/div>\n\t\t\t\t<div class=\"elementor-element elementor-element-95d2f56 elementor-widget__width-auto elementor-widget elementor-widget-button\" data-id=\"95d2f56\" data-element_type=\"widget\" data-e-type=\"widget\" data-widget_type=\"button.default\">\n\t\t\t\t<div class=\"elementor-widget-container\">\n\t\t\t\t\t\t\t\t\t<div class=\"elementor-button-wrapper\">\n\t\t\t\t\t<a class=\"elementor-button elementor-button-link elementor-size-xs\" href=\"https:\/\/www.hotel-saint-jean.fr\/en\/tourism-hotel-cote-dopale-bord-de-mer\/visits-and-activities-on-the-opal-coast\/\">\n\t\t\t\t\t\t<span class=\"elementor-button-content-wrapper\">\n\t\t\t\t\t\t<span class=\"elementor-button-icon\">\n\t\t\t\t<i aria-hidden=\"true\" class=\"eliofont eliofont-arrow-right\"><\/i>\t\t\t<\/span>\n\t\t\t\t\t\t\t\t\t<span class=\"elementor-button-text\">Visites &amp; activit\u00e9s<\/span>\n\t\t\t\t\t<\/span>\n\t\t\t\t\t<\/a>\n\t\t\t\t<\/div>\n\t\t\t\t\t\t\t\t<\/div>\n\t\t\t\t<\/div>\n\t\t\t\t\t<\/div>\n\t\t\t\t<\/div>\n\t\t\t\t<\/div>\n\t\t","protected":false},"excerpt":{"rendered":"<p>H\u00f4tel D\u00c9COUVRIR LA C\u00d4TE D&rsquo;OPALE de notre h\u00f4tel \u00e0 Wimerieux L&rsquo;h\u00f4tel Saint Jean est id\u00e9alement situ\u00e9 pour partir \u00e0 la d\u00e9couverte de la C\u00f4te d&rsquo;Opale. En quelques minutes seulement, vous pourrez rejoindre les plus beaux sites de cette belle r\u00e9gion c\u00f4ti\u00e8re. Commencez par une promenade autour du cap Blanc-Nez, la merveille de la C\u00f4te d&rsquo;Opale. [&hellip;]<\/p>\n","protected":false},"author":11,"featured_media":0,"parent":203,"menu_order":0,"comment_status":"closed","ping_status":"closed","template":"","meta":{"inline_featured_image":false,"footnotes":""},"class_list":["post-1587","page","type-page","status-publish","hentry"],"_links":{"self":[{"href":"https:\/\/www.hotel-saint-jean.fr\/en\/wp-json\/wp\/v2\/pages\/1587","targetHints":{"allow":["GET"]}}],"collection":[{"href":"https:\/\/www.hotel-saint-jean.fr\/en\/wp-json\/wp\/v2\/pages"}],"about":[{"href":"https:\/\/www.hotel-saint-jean.fr\/en\/wp-json\/wp\/v2\/types\/page"}],"author":[{"embeddable":true,"href":"https:\/\/www.hotel-saint-jean.fr\/en\/wp-json\/wp\/v2\/users\/11"}],"replies":[{"embeddable":true,"href":"https:\/\/www.hotel-saint-jean.fr\/en\/wp-json\/wp\/v2\/comments?post=1587"}],"version-history":[{"count":53,"href":"https:\/\/www.hotel-saint-jean.fr\/en\/wp-json\/wp\/v2\/pages\/1587\/revisions"}],"predecessor-version":[{"id":3723,"href":"https:\/\/www.hotel-saint-jean.fr\/en\/wp-json\/wp\/v2\/pages\/1587\/revisions\/3723"}],"up":[{"embeddable":true,"href":"https:\/\/www.hotel-saint-jean.fr\/en\/wp-json\/wp\/v2\/pages\/203"}],"wp:attachment":[{"href":"https:\/\/www.hotel-saint-jean.fr\/en\/wp-json\/wp\/v2\/media?parent=1587"}],"curies":[{"name":"wp","href":"https:\/\/api.w.org\/{rel}","templated":true}]}}