{"id":201,"date":"2022-10-26T08:57:18","date_gmt":"2022-10-26T06:57:18","guid":{"rendered":"https:\/\/www.hotel-saint-jean.fr\/?page_id=201"},"modified":"2025-02-11T09:14:08","modified_gmt":"2025-02-11T08:14:08","slug":"bar-and-relaxation-hotel-spa-cote-dopale","status":"publish","type":"page","link":"https:\/\/www.hotel-saint-jean.fr\/en\/bar-and-relaxation-hotel-spa-cote-dopale\/","title":{"rendered":"Bar &amp; relaxation"},"content":{"rendered":"\t\t<div data-elementor-type=\"wp-page\" data-elementor-id=\"201\" class=\"elementor elementor-201\" data-elementor-post-type=\"page\">\n\t\t\t\t<div class=\"elementor-element elementor-element-8b42c51 e-con-full e-flex e-con e-parent\" data-id=\"8b42c51\" data-element_type=\"container\" data-e-type=\"container\" id=\"hero-section\" data-settings=\"{&quot;background_background&quot;:&quot;slideshow&quot;,&quot;background_slideshow_gallery&quot;:[{&quot;id&quot;:3506,&quot;url&quot;:&quot;https:\\\/\\\/www.hotel-saint-jean.fr\\\/wp-content\\\/uploads\\\/2023\\\/06\\\/DJI_20230612_215821_921-scaled.jpeg&quot;}],&quot;background_slideshow_loop&quot;:&quot;yes&quot;,&quot;background_slideshow_slide_duration&quot;:5000,&quot;background_slideshow_slide_transition&quot;:&quot;fade&quot;,&quot;background_slideshow_transition_duration&quot;:500}\">\n\t\t\t\t<div class=\"elementor-element elementor-element-884eb1b elementor-widget__width-auto elementor-absolute e-transform elementor-view-default elementor-widget elementor-widget-icon\" data-id=\"884eb1b\" data-element_type=\"widget\" data-e-type=\"widget\" data-settings=\"{&quot;_position&quot;:&quot;absolute&quot;,&quot;_transform_rotateZ_effect&quot;:{&quot;unit&quot;:&quot;px&quot;,&quot;size&quot;:90,&quot;sizes&quot;:[]},&quot;_transform_rotateZ_effect_tablet&quot;:{&quot;unit&quot;:&quot;deg&quot;,&quot;size&quot;:&quot;&quot;,&quot;sizes&quot;:[]},&quot;_transform_rotateZ_effect_mobile&quot;:{&quot;unit&quot;:&quot;deg&quot;,&quot;size&quot;:&quot;&quot;,&quot;sizes&quot;:[]}}\" data-widget_type=\"icon.default\">\n\t\t\t\t<div class=\"elementor-widget-container\">\n\t\t\t\t\t\t\t<div class=\"elementor-icon-wrapper\">\n\t\t\t<a class=\"elementor-icon\" href=\"#first-content\">\n\t\t\t<i aria-hidden=\"true\" class=\"eliofont eliofont-arrow-right\"><\/i>\t\t\t<\/a>\n\t\t<\/div>\n\t\t\t\t\t\t<\/div>\n\t\t\t\t<\/div>\n\t\t\t\t<\/div>\n\t\t<div class=\"elementor-element elementor-element-b318be4 e-flex e-con-boxed e-con e-parent\" data-id=\"b318be4\" data-element_type=\"container\" data-e-type=\"container\" data-settings=\"{&quot;background_background&quot;:&quot;classic&quot;}\">\n\t\t\t\t\t<div class=\"e-con-inner\">\n\t\t<div class=\"elementor-element elementor-element-d98f27a animated-slow e-con-full e-flex elementor-invisible e-con e-child\" data-id=\"d98f27a\" data-element_type=\"container\" data-e-type=\"container\" data-settings=\"{&quot;animation&quot;:&quot;fadeInLeft&quot;,&quot;animation_delay&quot;:500}\">\n\t\t\t\t<div class=\"elementor-element elementor-element-16bab6f elementor-widget elementor-widget-heading\" data-id=\"16bab6f\" data-element_type=\"widget\" data-e-type=\"widget\" data-widget_type=\"heading.default\">\n\t\t\t\t<div class=\"elementor-widget-container\">\n\t\t\t\t\t<h2 class=\"elementor-heading-title elementor-size-default\">Bar &amp; Salon<\/h2>\t\t\t\t<\/div>\n\t\t\t\t<\/div>\n\t\t\t\t<div class=\"elementor-element elementor-element-0cf6d58 elementor-widget elementor-widget-text-editor\" data-id=\"0cf6d58\" data-element_type=\"widget\" data-e-type=\"widget\" data-widget_type=\"text-editor.default\">\n\t\t\t\t<div class=\"elementor-widget-container\">\n\t\t\t\t\t\t\t\t\t<p>\u00c0 proximit\u00e9 de la mer, l&rsquo;h\u00f4tel Spa est un lieu de vill\u00e9giature id\u00e9al pour d\u00e9couvrir la C\u00f4te d&rsquo;Opale. Le bar vous accueille quand vous le souhaitez autour d&rsquo;un verre. Avec son cadre intimiste et chaleureux, il sera \u00e9galement un lieu parfait pour prolonger la discussion entam\u00e9e pendant le repas.<\/p><p><br \/>Vous pourrez aussi profiter de son ambiance agr\u00e9able le matin, le temps d&rsquo;un caf\u00e9 ou pour pr\u00e9parer les excursions de votre journ\u00e9e, \u00e0 la d\u00e9couverte des magnifiques paysages de la C\u00f4te d&rsquo;Opale.<\/p><p>\u00a0<\/p><p>Le salon vous invite \u00e0 profiter du calme pour lire, \u00e9crire ou simplement r\u00e9fl\u00e9chir \u00e0 votre prochaine vill\u00e9giature.<\/p>\t\t\t\t\t\t\t\t<\/div>\n\t\t\t\t<\/div>\n\t\t\t\t<\/div>\n\t\t<div class=\"elementor-element elementor-element-a3039b7 e-con-full e-flex e-con e-child\" data-id=\"a3039b7\" data-element_type=\"container\" data-e-type=\"container\" data-settings=\"{&quot;background_background&quot;:&quot;classic&quot;}\">\n\t\t\t\t<div class=\"elementor-element elementor-element-8ccedf5 elementor-widget__width-initial elementor-widget elementor-widget-image\" data-id=\"8ccedf5\" data-element_type=\"widget\" data-e-type=\"widget\" data-widget_type=\"image.default\">\n\t\t\t\t<div class=\"elementor-widget-container\">\n\t\t\t\t\t\t\t\t\t\t\t\t\t\t\t<img fetchpriority=\"high\" decoding=\"async\" width=\"1280\" height=\"2560\" src=\"https:\/\/www.hotel-saint-jean.fr\/wp-content\/uploads\/2023\/06\/DJI_20230612_215557_501-scaled.jpeg\" class=\"attachment-full size-full wp-image-3505\" alt=\"\" srcset=\"https:\/\/www.hotel-saint-jean.fr\/wp-content\/uploads\/2023\/06\/DJI_20230612_215557_501-scaled.jpeg 1280w, https:\/\/www.hotel-saint-jean.fr\/wp-content\/uploads\/2023\/06\/DJI_20230612_215557_501-150x300.jpeg 150w, https:\/\/www.hotel-saint-jean.fr\/wp-content\/uploads\/2023\/06\/DJI_20230612_215557_501-512x1024.jpeg 512w, https:\/\/www.hotel-saint-jean.fr\/wp-content\/uploads\/2023\/06\/DJI_20230612_215557_501-768x1536.jpeg 768w, https:\/\/www.hotel-saint-jean.fr\/wp-content\/uploads\/2023\/06\/DJI_20230612_215557_501-1024x2048.jpeg 1024w, https:\/\/www.hotel-saint-jean.fr\/wp-content\/uploads\/2023\/06\/DJI_20230612_215557_501-6x12.jpeg 6w\" sizes=\"(max-width: 1280px) 100vw, 1280px\" title=\"\">\t\t\t\t\t\t\t\t\t\t\t\t\t\t\t<\/div>\n\t\t\t\t<\/div>\n\t\t<div class=\"elementor-element elementor-element-6c7a132 elementor-hidden-mobile e-con-full e-flex e-con e-child\" data-id=\"6c7a132\" data-element_type=\"container\" data-e-type=\"container\">\n\t\t\t\t<div class=\"elementor-element elementor-element-babcf8b elementor-widget elementor-widget-image\" data-id=\"babcf8b\" data-element_type=\"widget\" data-e-type=\"widget\" data-widget_type=\"image.default\">\n\t\t\t\t<div class=\"elementor-widget-container\">\n\t\t\t\t\t\t\t\t\t\t\t\t\t\t\t<img decoding=\"async\" width=\"1280\" height=\"2560\" src=\"https:\/\/www.hotel-saint-jean.fr\/wp-content\/uploads\/2023\/06\/DJI_20230612_215433_291-scaled.jpeg\" class=\"attachment-full size-full wp-image-3504\" alt=\"\" srcset=\"https:\/\/www.hotel-saint-jean.fr\/wp-content\/uploads\/2023\/06\/DJI_20230612_215433_291-scaled.jpeg 1280w, https:\/\/www.hotel-saint-jean.fr\/wp-content\/uploads\/2023\/06\/DJI_20230612_215433_291-150x300.jpeg 150w, https:\/\/www.hotel-saint-jean.fr\/wp-content\/uploads\/2023\/06\/DJI_20230612_215433_291-512x1024.jpeg 512w, https:\/\/www.hotel-saint-jean.fr\/wp-content\/uploads\/2023\/06\/DJI_20230612_215433_291-768x1536.jpeg 768w, https:\/\/www.hotel-saint-jean.fr\/wp-content\/uploads\/2023\/06\/DJI_20230612_215433_291-1024x2048.jpeg 1024w, https:\/\/www.hotel-saint-jean.fr\/wp-content\/uploads\/2023\/06\/DJI_20230612_215433_291-6x12.jpeg 6w\" sizes=\"(max-width: 1280px) 100vw, 1280px\" title=\"\">\t\t\t\t\t\t\t\t\t\t\t\t\t\t\t<\/div>\n\t\t\t\t<\/div>\n\t\t\t\t<div class=\"elementor-element elementor-element-fc58fa5 elementor-widget elementor-widget-image\" data-id=\"fc58fa5\" data-element_type=\"widget\" data-e-type=\"widget\" data-widget_type=\"image.default\">\n\t\t\t\t<div class=\"elementor-widget-container\">\n\t\t\t\t\t\t\t\t\t\t\t\t\t\t\t<img decoding=\"async\" width=\"2560\" height=\"1280\" src=\"https:\/\/www.hotel-saint-jean.fr\/wp-content\/uploads\/2023\/06\/DJI_20230612_215821_921-scaled.jpeg\" class=\"attachment-full size-full wp-image-3506\" alt=\"\" srcset=\"https:\/\/www.hotel-saint-jean.fr\/wp-content\/uploads\/2023\/06\/DJI_20230612_215821_921-scaled.jpeg 2560w, https:\/\/www.hotel-saint-jean.fr\/wp-content\/uploads\/2023\/06\/DJI_20230612_215821_921-300x150.jpeg 300w, https:\/\/www.hotel-saint-jean.fr\/wp-content\/uploads\/2023\/06\/DJI_20230612_215821_921-1024x512.jpeg 1024w, https:\/\/www.hotel-saint-jean.fr\/wp-content\/uploads\/2023\/06\/DJI_20230612_215821_921-768x384.jpeg 768w, https:\/\/www.hotel-saint-jean.fr\/wp-content\/uploads\/2023\/06\/DJI_20230612_215821_921-1536x768.jpeg 1536w, https:\/\/www.hotel-saint-jean.fr\/wp-content\/uploads\/2023\/06\/DJI_20230612_215821_921-2048x1024.jpeg 2048w, https:\/\/www.hotel-saint-jean.fr\/wp-content\/uploads\/2023\/06\/DJI_20230612_215821_921-18x9.jpeg 18w\" sizes=\"(max-width: 2560px) 100vw, 2560px\" title=\"\">\t\t\t\t\t\t\t\t\t\t\t\t\t\t\t<\/div>\n\t\t\t\t<\/div>\n\t\t\t\t<\/div>\n\t\t\t\t<\/div>\n\t\t\t\t\t<\/div>\n\t\t\t\t<\/div>\n\t\t<div class=\"elementor-element elementor-element-6180c50 e-flex e-con-boxed e-con e-parent\" data-id=\"6180c50\" data-element_type=\"container\" data-e-type=\"container\" data-settings=\"{&quot;background_background&quot;:&quot;classic&quot;}\">\n\t\t\t\t\t<div class=\"e-con-inner\">\n\t\t\t\t<div class=\"elementor-element elementor-element-f8a5b71 elementor-widget__width-initial elementor-widget elementor-widget-heading\" data-id=\"f8a5b71\" data-element_type=\"widget\" data-e-type=\"widget\" data-widget_type=\"heading.default\">\n\t\t\t\t<div class=\"elementor-widget-container\">\n\t\t\t\t\t<h2 class=\"elementor-heading-title elementor-size-default\">Services &amp; <\/br>prestations<\/h2>\t\t\t\t<\/div>\n\t\t\t\t<\/div>\n\t\t<div class=\"elementor-element elementor-element-c68878b e-con-full e-flex e-con e-child\" data-id=\"c68878b\" data-element_type=\"container\" data-e-type=\"container\">\n\t\t<div class=\"elementor-element elementor-element-971a2d5 animated-slow e-con-full e-flex elementor-invisible e-con e-child\" data-id=\"971a2d5\" data-element_type=\"container\" data-e-type=\"container\" data-settings=\"{&quot;animation&quot;:&quot;zoomIn&quot;}\">\n\t\t\t\t<div class=\"elementor-element elementor-element-d5e5030 elementor-view-default elementor-widget elementor-widget-icon\" data-id=\"d5e5030\" data-element_type=\"widget\" data-e-type=\"widget\" data-widget_type=\"icon.default\">\n\t\t\t\t<div class=\"elementor-widget-container\">\n\t\t\t\t\t\t\t<div class=\"elementor-icon-wrapper\">\n\t\t\t<div class=\"elementor-icon\">\n\t\t\t<i aria-hidden=\"true\" class=\"eliofont eliofont-bar\"><\/i>\t\t\t<\/div>\n\t\t<\/div>\n\t\t\t\t\t\t<\/div>\n\t\t\t\t<\/div>\n\t\t\t\t<div class=\"elementor-element elementor-element-181628b elementor-widget elementor-widget-text-editor\" data-id=\"181628b\" data-element_type=\"widget\" data-e-type=\"widget\" data-widget_type=\"text-editor.default\">\n\t\t\t\t<div class=\"elementor-widget-container\">\n\t\t\t\t\t\t\t\t\t<p>Bar<\/p>\t\t\t\t\t\t\t\t<\/div>\n\t\t\t\t<\/div>\n\t\t\t\t<\/div>\n\t\t<div class=\"elementor-element elementor-element-6255815 animated-slow e-con-full e-flex elementor-invisible e-con e-child\" data-id=\"6255815\" data-element_type=\"container\" data-e-type=\"container\" data-settings=\"{&quot;animation&quot;:&quot;zoomIn&quot;}\">\n\t\t\t\t<div class=\"elementor-element elementor-element-a2733bb elementor-view-default elementor-widget elementor-widget-icon\" data-id=\"a2733bb\" data-element_type=\"widget\" data-e-type=\"widget\" data-widget_type=\"icon.default\">\n\t\t\t\t<div class=\"elementor-widget-container\">\n\t\t\t\t\t\t\t<div class=\"elementor-icon-wrapper\">\n\t\t\t<div class=\"elementor-icon\">\n\t\t\t<i aria-hidden=\"true\" class=\"eliofont eliofont-couch\"><\/i>\t\t\t<\/div>\n\t\t<\/div>\n\t\t\t\t\t\t<\/div>\n\t\t\t\t<\/div>\n\t\t\t\t<div class=\"elementor-element elementor-element-35dbebe elementor-widget elementor-widget-text-editor\" data-id=\"35dbebe\" data-element_type=\"widget\" data-e-type=\"widget\" data-widget_type=\"text-editor.default\">\n\t\t\t\t<div class=\"elementor-widget-container\">\n\t\t\t\t\t\t\t\t\t<p>salon<\/p><p>d\u00e9tente<\/p>\t\t\t\t\t\t\t\t<\/div>\n\t\t\t\t<\/div>\n\t\t\t\t<\/div>\n\t\t<div class=\"elementor-element elementor-element-9204980 animated-slow e-con-full e-flex elementor-invisible e-con e-child\" data-id=\"9204980\" data-element_type=\"container\" data-e-type=\"container\" data-settings=\"{&quot;animation&quot;:&quot;zoomIn&quot;}\">\n\t\t\t\t<div class=\"elementor-element elementor-element-1fb64b7 elementor-view-default elementor-widget elementor-widget-icon\" data-id=\"1fb64b7\" data-element_type=\"widget\" data-e-type=\"widget\" data-widget_type=\"icon.default\">\n\t\t\t\t<div class=\"elementor-widget-container\">\n\t\t\t\t\t\t\t<div class=\"elementor-icon-wrapper\">\n\t\t\t<div class=\"elementor-icon\">\n\t\t\t<i aria-hidden=\"true\" class=\"eliofont eliofont-sauna\"><\/i>\t\t\t<\/div>\n\t\t<\/div>\n\t\t\t\t\t\t<\/div>\n\t\t\t\t<\/div>\n\t\t\t\t<div class=\"elementor-element elementor-element-24d79d5 elementor-widget elementor-widget-text-editor\" data-id=\"24d79d5\" data-element_type=\"widget\" data-e-type=\"widget\" data-widget_type=\"text-editor.default\">\n\t\t\t\t<div class=\"elementor-widget-container\">\n\t\t\t\t\t\t\t\t\t<p>Sauna<\/p>\t\t\t\t\t\t\t\t<\/div>\n\t\t\t\t<\/div>\n\t\t\t\t<\/div>\n\t\t<div class=\"elementor-element elementor-element-8cf7bd6 animated-slow e-con-full e-flex elementor-invisible e-con e-child\" data-id=\"8cf7bd6\" data-element_type=\"container\" data-e-type=\"container\" data-settings=\"{&quot;animation&quot;:&quot;zoomIn&quot;}\">\n\t\t\t\t<div class=\"elementor-element elementor-element-a4017e1 elementor-view-default elementor-widget elementor-widget-icon\" data-id=\"a4017e1\" data-element_type=\"widget\" data-e-type=\"widget\" data-widget_type=\"icon.default\">\n\t\t\t\t<div class=\"elementor-widget-container\">\n\t\t\t\t\t\t\t<div class=\"elementor-icon-wrapper\">\n\t\t\t<div class=\"elementor-icon\">\n\t\t\t<i aria-hidden=\"true\" class=\"eliofont eliofont-jacuzzi\"><\/i>\t\t\t<\/div>\n\t\t<\/div>\n\t\t\t\t\t\t<\/div>\n\t\t\t\t<\/div>\n\t\t\t\t<div class=\"elementor-element elementor-element-8a754d4 elementor-widget elementor-widget-text-editor\" data-id=\"8a754d4\" data-element_type=\"widget\" data-e-type=\"widget\" data-widget_type=\"text-editor.default\">\n\t\t\t\t<div class=\"elementor-widget-container\">\n\t\t\t\t\t\t\t\t\t<p>Bain\u00a0\u00e0<\/p><p>remous<\/p>\t\t\t\t\t\t\t\t<\/div>\n\t\t\t\t<\/div>\n\t\t\t\t<\/div>\n\t\t\t\t<\/div>\n\t\t\t\t\t<\/div>\n\t\t\t\t<\/div>\n\t\t<div class=\"elementor-element elementor-element-a73fa95 e-flex e-con-boxed e-con e-parent\" data-id=\"a73fa95\" data-element_type=\"container\" data-e-type=\"container\" data-settings=\"{&quot;background_background&quot;:&quot;classic&quot;}\">\n\t\t\t\t\t<div class=\"e-con-inner\">\n\t\t\t\t<div class=\"elementor-element elementor-element-c93b3be elementor-widget__width-initial elementor-widget elementor-widget-image\" data-id=\"c93b3be\" data-element_type=\"widget\" data-e-type=\"widget\" data-widget_type=\"image.default\">\n\t\t\t\t<div class=\"elementor-widget-container\">\n\t\t\t\t\t\t\t\t\t\t\t\t\t\t\t<img loading=\"lazy\" decoding=\"async\" width=\"300\" height=\"200\" src=\"https:\/\/www.hotel-saint-jean.fr\/wp-content\/uploads\/2022\/10\/transparent.png\" class=\"attachment-full size-full wp-image-338\" alt=\"\" srcset=\"https:\/\/www.hotel-saint-jean.fr\/wp-content\/uploads\/2022\/10\/transparent.png 300w, https:\/\/www.hotel-saint-jean.fr\/wp-content\/uploads\/2022\/10\/transparent-18x12.png 18w\" sizes=\"(max-width: 300px) 100vw, 300px\" title=\"\">\t\t\t\t\t\t\t\t\t\t\t\t\t\t\t<\/div>\n\t\t\t\t<\/div>\n\t\t<div class=\"elementor-element elementor-element-9d88514 animated-slow e-con-full e-flex elementor-invisible e-con e-child\" data-id=\"9d88514\" data-element_type=\"container\" data-e-type=\"container\" data-settings=\"{&quot;animation&quot;:&quot;fadeInRight&quot;,&quot;animation_delay&quot;:500}\">\n\t\t\t\t<div class=\"elementor-element elementor-element-f42f0a8 elementor-widget elementor-widget-heading\" data-id=\"f42f0a8\" data-element_type=\"widget\" data-e-type=\"widget\" data-widget_type=\"heading.default\">\n\t\t\t\t<div class=\"elementor-widget-container\">\n\t\t\t\t\t<h2 class=\"elementor-heading-title elementor-size-default\">Espace d\u00e9tente\n<\/h2>\t\t\t\t<\/div>\n\t\t\t\t<\/div>\n\t\t\t\t<div class=\"elementor-element elementor-element-a136379 elementor-widget elementor-widget-text-editor\" data-id=\"a136379\" data-element_type=\"widget\" data-e-type=\"widget\" data-widget_type=\"text-editor.default\">\n\t\t\t\t<div class=\"elementor-widget-container\">\n\t\t\t\t\t\t\t\t\t<p>Lors de votre s\u00e9jour dans l&rsquo;h\u00f4tel Saint Jean \u00e0 Wimereux, l&rsquo;espace Spa vous convie \u00e0 des moments de d\u00e9tente.<\/p><p><br \/>Dans le sauna, vous pourrez profiter des bienfaits de la chaleur s\u00e8che, laquelle \u00e9limine fatigue et tensions musculaires, chasse le stress et nettoie la peau en profondeur.<\/p><p><br \/>Apr\u00e8s cette parenth\u00e8se intense de relaxation, vous pourrez prolonger cette s\u00e9ance bien-\u00eatre en vous plongeant dans le bain \u00e0 remous.<\/p>\t\t\t\t\t\t\t\t<\/div>\n\t\t\t\t<\/div>\n\t\t\t\t<\/div>\n\t\t\t\t\t<\/div>\n\t\t\t\t<\/div>\n\t\t<div class=\"elementor-element elementor-element-092de4f e-con-full e-flex e-con e-parent\" data-id=\"092de4f\" data-element_type=\"container\" data-e-type=\"container\">\n\t\t<div class=\"elementor-element elementor-element-b369aa2 e-con-full e-flex e-con e-child\" data-id=\"b369aa2\" data-element_type=\"container\" data-e-type=\"container\" data-settings=\"{&quot;background_background&quot;:&quot;classic&quot;}\">\n\t\t\t\t<div class=\"elementor-element elementor-element-a04e2a3 elementor--h-position-left elementor--v-position-bottom elementor-widget elementor-widget-slides\" data-id=\"a04e2a3\" data-element_type=\"widget\" data-e-type=\"widget\" data-settings=\"{&quot;navigation&quot;:&quot;none&quot;,&quot;autoplay&quot;:&quot;yes&quot;,&quot;pause_on_hover&quot;:&quot;yes&quot;,&quot;pause_on_interaction&quot;:&quot;yes&quot;,&quot;autoplay_speed&quot;:5000,&quot;infinite&quot;:&quot;yes&quot;,&quot;transition&quot;:&quot;slide&quot;,&quot;transition_speed&quot;:500}\" data-widget_type=\"slides.default\">\n\t\t\t\t<div class=\"elementor-widget-container\">\n\t\t\t\t\t\t\t\t\t<div class=\"elementor-swiper\">\n\t\t\t\t\t<div class=\"elementor-slides-wrapper elementor-main-swiper swiper\" role=\"region\" aria-roledescription=\"carousel\" aria-label=\"Slides\" dir=\"ltr\" data-animation=\"fadeInUp\">\n\t\t\t\t<div class=\"swiper-wrapper elementor-slides\">\n\t\t\t\t\t\t\t\t\t\t<div class=\"elementor-repeater-item-3ab0fe5 swiper-slide\" role=\"group\" aria-roledescription=\"slide\"><div class=\"swiper-slide-bg\"><\/div><a class=\"swiper-slide-inner\" href=\"https:\/\/www.hotel-saint-jean.fr\/en\/our-rooms-hotel-saint-jean-wimereux\/\"><div class=\"swiper-slide-contents\"><div class=\"elementor-slide-heading\">Chambres<\/div><\/div><\/a><\/div>\t\t\t\t<\/div>\n\t\t\t\t\t\t\t<\/div>\n\t\t\t\t<\/div>\n\t\t\t\t\t\t\t\t<\/div>\n\t\t\t\t<\/div>\n\t\t\t\t<\/div>\n\t\t<div class=\"elementor-element elementor-element-0c247c3 e-con-full e-flex e-con e-child\" data-id=\"0c247c3\" data-element_type=\"container\" data-e-type=\"container\" data-settings=\"{&quot;background_background&quot;:&quot;classic&quot;}\">\n\t\t\t\t<div class=\"elementor-element elementor-element-cc8a4cc elementor--h-position-left elementor--v-position-bottom elementor-widget elementor-widget-slides\" data-id=\"cc8a4cc\" data-element_type=\"widget\" data-e-type=\"widget\" data-settings=\"{&quot;navigation&quot;:&quot;none&quot;,&quot;autoplay&quot;:&quot;yes&quot;,&quot;pause_on_hover&quot;:&quot;yes&quot;,&quot;pause_on_interaction&quot;:&quot;yes&quot;,&quot;autoplay_speed&quot;:5000,&quot;infinite&quot;:&quot;yes&quot;,&quot;transition&quot;:&quot;slide&quot;,&quot;transition_speed&quot;:500}\" data-widget_type=\"slides.default\">\n\t\t\t\t<div class=\"elementor-widget-container\">\n\t\t\t\t\t\t\t\t\t<div class=\"elementor-swiper\">\n\t\t\t\t\t<div class=\"elementor-slides-wrapper elementor-main-swiper swiper\" role=\"region\" aria-roledescription=\"carousel\" aria-label=\"Slides\" dir=\"ltr\" data-animation=\"fadeInUp\">\n\t\t\t\t<div class=\"swiper-wrapper elementor-slides\">\n\t\t\t\t\t\t\t\t\t\t<div class=\"elementor-repeater-item-3ab0fe5 swiper-slide\" role=\"group\" aria-roledescription=\"slide\"><div class=\"swiper-slide-bg\"><\/div><a class=\"swiper-slide-inner\" href=\"https:\/\/www.hotel-saint-jean.fr\/en\/tourism-hotel-cote-dopale-bord-de-mer\/\"><div class=\"swiper-slide-contents\"><div class=\"elementor-slide-heading\">Tourisme<\/div><\/div><\/a><\/div>\t\t\t\t<\/div>\n\t\t\t\t\t\t\t<\/div>\n\t\t\t\t<\/div>\n\t\t\t\t\t\t\t\t<\/div>\n\t\t\t\t<\/div>\n\t\t\t\t<\/div>\n\t\t<div class=\"elementor-element elementor-element-8e93c69 e-con-full e-flex e-con e-child\" data-id=\"8e93c69\" data-element_type=\"container\" data-e-type=\"container\" data-settings=\"{&quot;background_background&quot;:&quot;classic&quot;}\">\n\t\t\t\t<div class=\"elementor-element elementor-element-b6d295e elementor--h-position-left elementor--v-position-bottom elementor-widget elementor-widget-slides\" data-id=\"b6d295e\" data-element_type=\"widget\" data-e-type=\"widget\" data-settings=\"{&quot;navigation&quot;:&quot;none&quot;,&quot;autoplay&quot;:&quot;yes&quot;,&quot;pause_on_hover&quot;:&quot;yes&quot;,&quot;pause_on_interaction&quot;:&quot;yes&quot;,&quot;autoplay_speed&quot;:5000,&quot;infinite&quot;:&quot;yes&quot;,&quot;transition&quot;:&quot;slide&quot;,&quot;transition_speed&quot;:500}\" data-widget_type=\"slides.default\">\n\t\t\t\t<div class=\"elementor-widget-container\">\n\t\t\t\t\t\t\t\t\t<div class=\"elementor-swiper\">\n\t\t\t\t\t<div class=\"elementor-slides-wrapper elementor-main-swiper swiper\" role=\"region\" aria-roledescription=\"carousel\" aria-label=\"Slides\" dir=\"ltr\" data-animation=\"fadeInUp\">\n\t\t\t\t<div class=\"swiper-wrapper elementor-slides\">\n\t\t\t\t\t\t\t\t\t\t<div class=\"elementor-repeater-item-3ab0fe5 swiper-slide\" role=\"group\" aria-roledescription=\"slide\"><div class=\"swiper-slide-bg\"><\/div><a class=\"swiper-slide-inner\" href=\"https:\/\/www.hotel-saint-jean.fr\/en\/photo-gallery\/\"><div class=\"swiper-slide-contents\"><div class=\"elementor-slide-heading\">Galerie photos<\/div><\/div><\/a><\/div>\t\t\t\t<\/div>\n\t\t\t\t\t\t\t<\/div>\n\t\t\t\t<\/div>\n\t\t\t\t\t\t\t\t<\/div>\n\t\t\t\t<\/div>\n\t\t\t\t<\/div>\n\t\t\t\t<\/div>\n\t\t\t\t<\/div>\n\t\t","protected":false},"excerpt":{"rendered":"<p>Bar &amp; Salon \u00c0 proximit\u00e9 de la mer, l&rsquo;h\u00f4tel Spa est un lieu de vill\u00e9giature id\u00e9al pour d\u00e9couvrir la C\u00f4te d&rsquo;Opale. Le bar vous accueille quand vous le souhaitez autour d&rsquo;un verre. Avec son cadre intimiste et chaleureux, il sera \u00e9galement un lieu parfait pour prolonger la discussion entam\u00e9e pendant le repas. Vous pourrez aussi [&hellip;]<\/p>\n","protected":false},"author":11,"featured_media":0,"parent":0,"menu_order":0,"comment_status":"closed","ping_status":"closed","template":"","meta":{"inline_featured_image":false,"footnotes":""},"class_list":["post-201","page","type-page","status-publish","hentry"],"_links":{"self":[{"href":"https:\/\/www.hotel-saint-jean.fr\/en\/wp-json\/wp\/v2\/pages\/201","targetHints":{"allow":["GET"]}}],"collection":[{"href":"https:\/\/www.hotel-saint-jean.fr\/en\/wp-json\/wp\/v2\/pages"}],"about":[{"href":"https:\/\/www.hotel-saint-jean.fr\/en\/wp-json\/wp\/v2\/types\/page"}],"author":[{"embeddable":true,"href":"https:\/\/www.hotel-saint-jean.fr\/en\/wp-json\/wp\/v2\/users\/11"}],"replies":[{"embeddable":true,"href":"https:\/\/www.hotel-saint-jean.fr\/en\/wp-json\/wp\/v2\/comments?post=201"}],"version-history":[{"count":253,"href":"https:\/\/www.hotel-saint-jean.fr\/en\/wp-json\/wp\/v2\/pages\/201\/revisions"}],"predecessor-version":[{"id":3745,"href":"https:\/\/www.hotel-saint-jean.fr\/en\/wp-json\/wp\/v2\/pages\/201\/revisions\/3745"}],"wp:attachment":[{"href":"https:\/\/www.hotel-saint-jean.fr\/en\/wp-json\/wp\/v2\/media?parent=201"}],"curies":[{"name":"wp","href":"https:\/\/api.w.org\/{rel}","templated":true}]}}