{"id":3286,"date":"2023-06-14T12:54:42","date_gmt":"2023-06-14T10:54:42","guid":{"rendered":"https:\/\/www.hotel-saint-jean.fr\/?page_id=3286"},"modified":"2024-11-20T10:23:04","modified_gmt":"2024-11-20T09:23:04","slug":"wimereux-hotel-wimereux","status":"publish","type":"page","link":"https:\/\/www.hotel-saint-jean.fr\/en\/tourism-hotel-cote-dopale-bord-de-mer\/wimereux-hotel-wimereux\/","title":{"rendered":"Wimereux"},"content":{"rendered":"\t\t<div data-elementor-type=\"wp-page\" data-elementor-id=\"3286\" class=\"elementor elementor-3286\" data-elementor-post-type=\"page\">\n\t\t\t\t<div class=\"elementor-element elementor-element-8831028 e-con-full e-flex e-con e-parent\" data-id=\"8831028\" data-element_type=\"container\" data-e-type=\"container\" id=\"hero-section\" data-settings=\"{&quot;background_background&quot;:&quot;slideshow&quot;,&quot;background_slideshow_gallery&quot;:[{&quot;id&quot;:3200,&quot;url&quot;:&quot;https:\\\/\\\/www.hotel-saint-jean.fr\\\/wp-content\\\/uploads\\\/2023\\\/06\\\/150910_165jfd.jpg&quot;}],&quot;background_slideshow_loop&quot;:&quot;yes&quot;,&quot;background_slideshow_slide_duration&quot;:5000,&quot;background_slideshow_slide_transition&quot;:&quot;fade&quot;,&quot;background_slideshow_transition_duration&quot;:500}\">\n\t\t\t\t<div class=\"elementor-element elementor-element-5788f33 elementor-widget__width-auto elementor-absolute e-transform elementor-view-default elementor-widget elementor-widget-icon\" data-id=\"5788f33\" data-element_type=\"widget\" data-e-type=\"widget\" data-settings=\"{&quot;_position&quot;:&quot;absolute&quot;,&quot;_transform_rotateZ_effect&quot;:{&quot;unit&quot;:&quot;px&quot;,&quot;size&quot;:90,&quot;sizes&quot;:[]},&quot;_transform_rotateZ_effect_tablet&quot;:{&quot;unit&quot;:&quot;deg&quot;,&quot;size&quot;:&quot;&quot;,&quot;sizes&quot;:[]},&quot;_transform_rotateZ_effect_mobile&quot;:{&quot;unit&quot;:&quot;deg&quot;,&quot;size&quot;:&quot;&quot;,&quot;sizes&quot;:[]}}\" data-widget_type=\"icon.default\">\n\t\t\t\t<div class=\"elementor-widget-container\">\n\t\t\t\t\t\t\t<div class=\"elementor-icon-wrapper\">\n\t\t\t<a class=\"elementor-icon\" href=\"#first-content\">\n\t\t\t<i aria-hidden=\"true\" class=\"eliofont eliofont-arrow-right\"><\/i>\t\t\t<\/a>\n\t\t<\/div>\n\t\t\t\t\t\t<\/div>\n\t\t\t\t<\/div>\n\t\t\t\t<\/div>\n\t\t<div class=\"elementor-element elementor-element-73ae906 e-flex e-con-boxed e-con e-parent\" data-id=\"73ae906\" data-element_type=\"container\" data-e-type=\"container\" id=\"first-content\" data-settings=\"{&quot;background_background&quot;:&quot;classic&quot;}\">\n\t\t\t\t\t<div class=\"e-con-inner\">\n\t\t\t\t<div class=\"elementor-element elementor-element-e5e7c05 elementor-widget elementor-widget-breadcrumbs\" data-id=\"e5e7c05\" data-element_type=\"widget\" data-e-type=\"widget\" data-widget_type=\"breadcrumbs.default\">\n\t\t\t\t<div class=\"elementor-widget-container\">\n\t\t\t\t\t<nav aria-label=\"breadcrumbs\" class=\"rank-math-breadcrumb\"><p><span class=\"last\">H\u00f4tel<\/span><\/p><\/nav>\t\t\t\t<\/div>\n\t\t\t\t<\/div>\n\t\t\t\t\t<\/div>\n\t\t\t\t<\/div>\n\t\t<div class=\"elementor-element elementor-element-6fa904f e-flex e-con-boxed e-con e-parent\" data-id=\"6fa904f\" data-element_type=\"container\" data-e-type=\"container\" data-settings=\"{&quot;background_background&quot;:&quot;classic&quot;}\">\n\t\t\t\t\t<div class=\"e-con-inner\">\n\t\t\t\t<div class=\"elementor-element elementor-element-4c0875a elementor-widget__width-initial elementor-widget elementor-widget-image\" data-id=\"4c0875a\" data-element_type=\"widget\" data-e-type=\"widget\" data-widget_type=\"image.default\">\n\t\t\t\t<div class=\"elementor-widget-container\">\n\t\t\t\t\t\t\t\t\t\t\t\t\t\t\t<img fetchpriority=\"high\" decoding=\"async\" width=\"300\" height=\"200\" src=\"https:\/\/www.hotel-saint-jean.fr\/wp-content\/uploads\/2022\/10\/transparent.png\" class=\"attachment-full size-full wp-image-338\" alt=\"\" srcset=\"https:\/\/www.hotel-saint-jean.fr\/wp-content\/uploads\/2022\/10\/transparent.png 300w, https:\/\/www.hotel-saint-jean.fr\/wp-content\/uploads\/2022\/10\/transparent-18x12.png 18w\" sizes=\"(max-width: 300px) 100vw, 300px\" title=\"\">\t\t\t\t\t\t\t\t\t\t\t\t\t\t\t<\/div>\n\t\t\t\t<\/div>\n\t\t<div class=\"elementor-element elementor-element-4277fac animated-slow e-con-full e-flex elementor-invisible e-con e-child\" data-id=\"4277fac\" data-element_type=\"container\" data-e-type=\"container\" data-settings=\"{&quot;animation&quot;:&quot;fadeInRight&quot;,&quot;animation_delay&quot;:500}\">\n\t\t\t\t<div class=\"elementor-element elementor-element-f0adfbf elementor-widget elementor-widget-heading\" data-id=\"f0adfbf\" data-element_type=\"widget\" data-e-type=\"widget\" data-widget_type=\"heading.default\">\n\t\t\t\t<div class=\"elementor-widget-container\">\n\t\t\t\t\t<h2 class=\"elementor-heading-title elementor-size-default\">AGR\u00c9ABLE STATION<\/bR>\nbaln\u00e9aire de la C\u00f4te d\u2019Opale<\/h2>\t\t\t\t<\/div>\n\t\t\t\t<\/div>\n\t\t\t\t<div class=\"elementor-element elementor-element-2fdfd53 elementor-widget elementor-widget-text-editor\" data-id=\"2fdfd53\" data-element_type=\"widget\" data-e-type=\"widget\" data-widget_type=\"text-editor.default\">\n\t\t\t\t<div class=\"elementor-widget-container\">\n\t\t\t\t\t\t\t\t\t<p>Nich\u00e9 dans l&rsquo;\u00e9crin de la baie Saint-Jean, Wimereux est assur\u00e9ment une des plus ravissantes stations baln\u00e9aires du nord de la France. En vous baladant aux alentours de l&rsquo;h\u00f4tel, vous d\u00e9couvrirez le charme de cette belle cit\u00e9 qui poss\u00e8de d&rsquo;innombrables villas Belle \u00c9poque, plus jolies les unes que les autres. Vous affectionnerez le caract\u00e8re familial de la station en apercevant les badauds fl\u00e2nant le long de la digue. Aux beaux jours, vous admirerez les cabines de plages color\u00e9es, caract\u00e9ristiques de la C\u00f4te d\u2019Opale.<br \/><br \/>Vous appr\u00e9cierez aussi son cadre naturel exceptionnel, entre mer et arri\u00e8re-pays verdoyant. Selon les mar\u00e9es, vous pourrez longer les falaises depuis la plage ou emprunter les sentiers, en hauteur, pour rejoindre la pointe des Oies ou celle de la Cr\u00e8che. En suivant la rivi\u00e8re qui passe au pied de l&rsquo;h\u00f4tel, vous pourrez d\u00e9couvrir l&rsquo;arri\u00e8re-pays et ses petits villages pittoresques comme Pittefaux, Conteville ou Pernes-l\u00e8s-Boulogne. Les sportifs seront \u00e9galement combl\u00e9s par le dynamisme de Wimereux et le nombre de ses \u00e9quipements. Ils pourront \u00e9changer quelques balles dans le premier club d\u00e9partemental de tennis, tirer quelques bords dans le centre r\u00e9gional de voile, pratiquer le golf ou encore profiter de son centre \u00e9questre.<br \/><br \/>Tout \u00e0 c\u00f4t\u00e9 de Wimereux, \u00e0 5 km \u00e0 peine (8 minutes en voiture), Nausica\u00e1 vous plonge au c\u0153ur des oc\u00e9ans pour vivre un spectacle de la mer comme vous ne l\u2019avez jamais vu !<\/p>\t\t\t\t\t\t\t\t<\/div>\n\t\t\t\t<\/div>\n\t\t\t\t<\/div>\n\t\t\t\t\t<\/div>\n\t\t\t\t<\/div>\n\t\t<div class=\"elementor-element elementor-element-00608db e-flex e-con-boxed e-con e-parent\" data-id=\"00608db\" data-element_type=\"container\" data-e-type=\"container\">\n\t\t\t\t\t<div class=\"e-con-inner\">\n\t\t\t\t<div class=\"elementor-element elementor-element-4222023 elementor-widget__width-auto elementor-widget elementor-widget-button\" data-id=\"4222023\" data-element_type=\"widget\" data-e-type=\"widget\" data-widget_type=\"button.default\">\n\t\t\t\t<div class=\"elementor-widget-container\">\n\t\t\t\t\t\t\t\t\t<div class=\"elementor-button-wrapper\">\n\t\t\t\t\t<a class=\"elementor-button elementor-button-link elementor-size-xs\" href=\"https:\/\/www.hotel-saint-jean.fr\/en\/tourism-hotel-cote-dopale-bord-de-mer\/visits-and-activities-on-the-opal-coast\/\">\n\t\t\t\t\t\t<span class=\"elementor-button-content-wrapper\">\n\t\t\t\t\t\t<span class=\"elementor-button-icon\">\n\t\t\t\t<i aria-hidden=\"true\" class=\"eliofont eliofont-arrow-left\"><\/i>\t\t\t<\/span>\n\t\t\t\t\t\t\t\t\t<span class=\"elementor-button-text\">Visites &amp; activit\u00e9s<\/span>\n\t\t\t\t\t<\/span>\n\t\t\t\t\t<\/a>\n\t\t\t\t<\/div>\n\t\t\t\t\t\t\t\t<\/div>\n\t\t\t\t<\/div>\n\t\t\t\t<div class=\"elementor-element elementor-element-ed54455 elementor-widget__width-auto elementor-widget elementor-widget-button\" data-id=\"ed54455\" data-element_type=\"widget\" data-e-type=\"widget\" data-widget_type=\"button.default\">\n\t\t\t\t<div class=\"elementor-widget-container\">\n\t\t\t\t\t\t\t\t\t<div class=\"elementor-button-wrapper\">\n\t\t\t\t\t<a class=\"elementor-button elementor-button-link elementor-size-xs\" href=\"https:\/\/www.hotel-saint-jean.fr\/en\/tourism-hotel-cote-dopale-bord-de-mer\/cote-dopale-hotel\/\">\n\t\t\t\t\t\t<span class=\"elementor-button-content-wrapper\">\n\t\t\t\t\t\t<span class=\"elementor-button-icon\">\n\t\t\t\t<i aria-hidden=\"true\" class=\"eliofont eliofont-arrow-right\"><\/i>\t\t\t<\/span>\n\t\t\t\t\t\t\t\t\t<span class=\"elementor-button-text\">C\u00f4te d'Opale<\/span>\n\t\t\t\t\t<\/span>\n\t\t\t\t\t<\/a>\n\t\t\t\t<\/div>\n\t\t\t\t\t\t\t\t<\/div>\n\t\t\t\t<\/div>\n\t\t\t\t\t<\/div>\n\t\t\t\t<\/div>\n\t\t\t\t<\/div>\n\t\t","protected":false},"excerpt":{"rendered":"<p>H\u00f4tel AGR\u00c9ABLE STATION baln\u00e9aire de la C\u00f4te d\u2019Opale Nich\u00e9 dans l&rsquo;\u00e9crin de la baie Saint-Jean, Wimereux est assur\u00e9ment une des plus ravissantes stations baln\u00e9aires du nord de la France. En vous baladant aux alentours de l&rsquo;h\u00f4tel, vous d\u00e9couvrirez le charme de cette belle cit\u00e9 qui poss\u00e8de d&rsquo;innombrables villas Belle \u00c9poque, plus jolies les unes que [&hellip;]<\/p>\n","protected":false},"author":2,"featured_media":0,"parent":203,"menu_order":0,"comment_status":"closed","ping_status":"closed","template":"","meta":{"inline_featured_image":false,"footnotes":""},"class_list":["post-3286","page","type-page","status-publish","hentry"],"_links":{"self":[{"href":"https:\/\/www.hotel-saint-jean.fr\/en\/wp-json\/wp\/v2\/pages\/3286","targetHints":{"allow":["GET"]}}],"collection":[{"href":"https:\/\/www.hotel-saint-jean.fr\/en\/wp-json\/wp\/v2\/pages"}],"about":[{"href":"https:\/\/www.hotel-saint-jean.fr\/en\/wp-json\/wp\/v2\/types\/page"}],"author":[{"embeddable":true,"href":"https:\/\/www.hotel-saint-jean.fr\/en\/wp-json\/wp\/v2\/users\/2"}],"replies":[{"embeddable":true,"href":"https:\/\/www.hotel-saint-jean.fr\/en\/wp-json\/wp\/v2\/comments?post=3286"}],"version-history":[{"count":15,"href":"https:\/\/www.hotel-saint-jean.fr\/en\/wp-json\/wp\/v2\/pages\/3286\/revisions"}],"predecessor-version":[{"id":3719,"href":"https:\/\/www.hotel-saint-jean.fr\/en\/wp-json\/wp\/v2\/pages\/3286\/revisions\/3719"}],"up":[{"embeddable":true,"href":"https:\/\/www.hotel-saint-jean.fr\/en\/wp-json\/wp\/v2\/pages\/203"}],"wp:attachment":[{"href":"https:\/\/www.hotel-saint-jean.fr\/en\/wp-json\/wp\/v2\/media?parent=3286"}],"curies":[{"name":"wp","href":"https:\/\/api.w.org\/{rel}","templated":true}]}}